
{"id":416,"date":"2021-11-29T19:22:10","date_gmt":"2021-11-29T19:22:10","guid":{"rendered":"http:\/\/residencelasalamandre.designup.nl\/accueil\/"},"modified":"2022-07-15T14:06:58","modified_gmt":"2022-07-15T14:06:58","slug":"accueil","status":"publish","type":"page","link":"https:\/\/residencelasalamandre.eu\/fr\/","title":{"rendered":"Accueil"},"content":{"rendered":"<section class=\"wpb-content-wrapper\"><p>[vc_row css=\u00a0\u00bb.vc_custom_1636030823085{margin-top: 50px !important;margin-bottom: 150px !important;}\u00a0\u00bb][vc_column css_animation=\u00a0\u00bbfadeIn\u00a0\u00bb width=\u00a0\u00bb5\/12&Prime;][vc_column_text]<\/p>\r\n\r\n<h1 class=\"h1_first wp-block-heading\">sentir compl\u00e8tement<\/h1>\r\n<h1>\u00e0 la maison et d\u00e9tendu<\/h1>\r\n<p>&nbsp;<\/p>\r\n<p>Situ\u00e9e \u00e0 40 minutes de l&rsquo;a\u00e9roport de Toulouse, \u00e0 7 km du village de Rabastens, la R\u00e9sidence la Salamandre (sud de la France) se compose de : 4 <a href=\"http:\/\/residencelasalamandre.designup.nl\/chambre-dhotes\/\">chambres d&rsquo;h\u00f4tes<\/a> (chambres pour 1,2 ou (3) personnes), 3 <a href=\"http:\/\/residencelasalamandre.designup.nl\/gites-2\/\">g\u00eetes<\/a> (maisons de vacances) pour 2 \u00e0 6 personnes avec TV et un luxueux <a href=\"http:\/\/residencelasalamandre.designup.nl\/accommodation\/luxe-appartement-le-soleil\/\">g\u00eete (appartement) 2 personnes<\/a> avec bain \u00e0 bulles et balcon. Toutes \u00e9quip\u00e9es de climatisation\/chauffage. Un espace g\u00e9n\u00e9ral avec un billard, un jeu de fl\u00e9chettes, un jeu de palets et divers jeux<\/p>\r\n<p>&nbsp;<\/p>\r\n<p>Profitez de la piscine et d&rsquo;agr\u00e9ables excursions vers Albi et Toulouse par exemple.<\/p>\r\n<p>&nbsp;<\/p>\r\n<p><a class=\"button\" href=\"https:\/\/residencelasalamandre.eu\/fr\/hebergement\/\">D\u00e9couvrez nos h\u00e9bergements<\/a><\/p>\r\n<p>[\/vc_column_text][\/vc_column][vc_column css_animation=\u00a0\u00bbfadeIn\u00a0\u00bb width=\u00a0\u00bb7\/12&Prime;][vc_raw_html]JTNDZGl2JTIwY2xhc3MlM0QlMjJ3cGJfdmlkZW9fd2lkZ2V0JTIwd3BiX2NvbnRlbnRfZWxlbWVudCUyMHZjX2NsZWFyZml4JTIwJTIwJTIwdmNfdmlkZW8tYXNwZWN0LXJhdGlvLTE2OSUyMHZjX3ZpZGVvLWVsLXdpZHRoLTEwMCUyMHZjX3ZpZGVvLWFsaWduLWxlZnQlMjIlM0UlMEElMDklMDklM0NkaXYlMjBjbGFzcyUzRCUyMndwYl93cmFwcGVyJTIyJTNFJTBBJTA5JTA5JTA5JTBBJTA5JTA5JTA5JTNDZGl2JTIwY2xhc3MlM0QlMjJ3cGJfdmlkZW9fd3JhcHBlciUyMiUzRSUzQ2lmcmFtZSUyMHRpdGxlJTNEJTIySW50cm9kdWN0aWUlMjBSZXNpZGVuY2UlMjBsYSUyMFNhbGFtYW5kcmUlMjIlMjB3aWR0aCUzRCUyMjUwMCUyMiUyMGhlaWdodCUzRCUyMjI4MSUyMiUyMHNyYyUzRCUyMmh0dHBzJTNBJTJGJTJGd3d3LnlvdXR1YmUuY29tJTJGZW1iZWQlMkZ3SHlsR3l1RUFucyUzRmF1dG9wbGF5JTNEMSUyNm1vZGVzdGJyYW5kaW5nJTNEMSUyNmF1dG9oaWRlJTNEMSUyNnNob3dpbmZvJTNEMCUyNmNvbnRyb2xzJTNEMCUyNnN0YXJ0JTNENSUyNmVuZCUzRDE2NiUyMiUyMGZyYW1lYm9yZGVyJTNEJTIyMCUyMiUyMGFsbG93JTNEJTIyYWNjZWxlcm9tZXRlciUzQiUyMGF1dG9wbGF5JTNCJTIwY2xpcGJvYXJkLXdyaXRlJTNCJTIwZW5jcnlwdGVkLW1lZGlhJTNCJTIwZ3lyb3Njb3BlJTNCJTIwcGljdHVyZS1pbi1waWN0dXJlJTIyJTIwYWxsb3dmdWxsc2NyZWVuJTNEJTIyJTIyJTNFJTNDJTJGaWZyYW1lJTNFJTNDJTJGZGl2JTNFJTBBJTA5JTA5JTNDJTJGZGl2JTNFJTBBJTA5JTNDJTJGZGl2JTNF[\/vc_raw_html][\/vc_column][\/vc_row][vc_row full_width=\u00a0\u00bbstretch_row\u00a0\u00bb css=\u00a0\u00bb.vc_custom_1636030391928{padding-bottom: 100px !important;background-color: #ffffff !important;}\u00a0\u00bb el_class=\u00a0\u00bboverflow_visible\u00a0\u00bb][vc_column css_animation=\u00a0\u00bbfadeInUp\u00a0\u00bb][vc_row_inner css=\u00a0\u00bb.vc_custom_1636039992542{margin-top: -50px !important;padding-top: 50px !important;padding-right: 50px !important;padding-bottom: 50px !important;padding-left: 50px !important;background-color: #006974 !important;}\u00a0\u00bb el_class=\u00a0\u00bbwhite salamander\u00a0\u00bb][vc_column_inner][vc_column_text]<\/p>\r\n<h1>R\u00e9servez directement<\/h1>\r\n<p>[\/vc_column_text][vc_column_text]<\/p>\r\n<div class=\"mphb_sc_search-wrapper \">\n<form method=\"GET\" class=\"mphb_sc_search-form\" action=\"https:\/\/residencelasalamandre.eu\/fr\/hebergement-2\/\" data-first_available_check_in_date=\"2026-04-23\">\n\n\t<p class = \"mphb-required-fields-tip\">\n\t<small>\n\t\tLes champs obligatoires sont suivis de\t\t<abbr title=\"required\">*<\/abbr>\n\t<\/small>\n<\/p>\n\n\t<p class=\"mphb_sc_search-check-in-date\">\n\t\t<label for=\"mphb_check_in_date-mphb-search-form-69e9ea95da712\">\n\t\t\tArriv\u00e9e\t\t\t<abbr title=\"Format\u00e9 comme dd\/mm\/yyyy\">*<\/abbr>\n\t\t<\/label>\n\t\t<br \/>\n\t\t<input\n\t\t\tid=\"mphb_check_in_date-mphb-search-form-69e9ea95da712\"\n\t\t\tdata-datepick-group=\"mphb-search-form-69e9ea95da712\"\n\t\t\tvalue=\"\"\n\t\t\tplaceholder=\"Date d&#039;arriv\u00e9e\"\n\t\t\trequired=\"required\"\n\t\t\ttype=\"text\"\n\t\t\tinputmode=\"none\"\n\t\t\tname=\"mphb_check_in_date\"\n\t\t\tclass=\"mphb-datepick\"\n\t\t\tautocomplete=\"off\"\n\t\t\t\/>\n\t<\/p>\n\n\t<p class=\"mphb_sc_search-check-out-date\">\n\t\t<label for=\"mphb_check_out_date-mphb-search-form-69e9ea95da712\">\n\t\t\tD\u00e9part\t\t\t<abbr title=\"Format\u00e9 comme dd\/mm\/yyyy\">*<\/abbr>\n\t\t<\/label>\n\t\t<br \/>\n\t\t<input\n\t\t\tid=\"mphb_check_out_date-mphb-search-form-69e9ea95da712\"\n\t\t\tdata-datepick-group=\"mphb-search-form-69e9ea95da712\"\n\t\t\tvalue=\"\"\n\t\t\tplaceholder=\"Date de d\u00e9part\"\n\t\t\trequired=\"required\"\n\t\t\ttype=\"text\"\n\t\t\tinputmode=\"none\"\n\t\t\tname=\"mphb_check_out_date\"\n\t\t\tclass=\"mphb-datepick\"\n\t\t\tautocomplete=\"off\"\n\t\t\t\/>\n\t<\/p>\n\n\t\t\t<input type=\"hidden\" id=\"mphb_adults-mphb-search-form-69e9ea95da712\" name=\"mphb_adults\" value=\"1\" \/>\n\t\n\t\t\t<input type=\"hidden\" id=\"mphb_children-mphb-search-form-69e9ea95da712\" name=\"mphb_children\" value=\"0\" \/>\n\t\n\t\n\t\n\t<input id=\"mphb_check_in_date-mphb-search-form-69e9ea95da712-hidden\" value=\"\" type=\"hidden\" name=\"mphb_check_in_date\" \/><input id=\"mphb_check_out_date-mphb-search-form-69e9ea95da712-hidden\" value=\"\" type=\"hidden\" name=\"mphb_check_out_date\" \/>\n\t<p class=\"mphb_sc_search-submit-button-wrapper\">\n\t\t<input type=\"submit\" class=\"button\" value=\"Chercher\"\/>\n\t<\/p>\n\n\t\n<\/form>\n<\/div>\r\n<p>[\/vc_column_text][\/vc_column_inner][\/vc_row_inner][\/vc_column][\/vc_row][vc_row full_width=\u00a0\u00bbstretch_row\u00a0\u00bb css_animation=\u00a0\u00bbnone\u00a0\u00bb css=\u00a0\u00bb.vc_custom_1636058844741{padding-bottom: 100px !important;background-color: #ffffff !important;}\u00a0\u00bb][vc_column css_animation=\u00a0\u00bbfadeInUp\u00a0\u00bb width=\u00a0\u00bb1\/3&Prime;][vc_single_image image=\u00a0\u00bb1655&Prime; img_size=\u00a0\u00bbfull\u00a0\u00bb css=\u00a0\u00bb.vc_custom_1657802320573{margin-bottom: 30px !important;}\u00a0\u00bb][vc_column_text]<\/p>\r\n<h2>G\u00eetes<\/h2>\r\n<p>Le rez-de-chauss\u00e9e se compose d&rsquo;un salon et salle \u00e0 manger, d&rsquo;une cuisine, d&rsquo;une chambre, d&rsquo;une douche (\u00e0 l&rsquo;italienne) avec lavabo et d&rsquo;un WC s\u00e9par\u00e9. Le premier \u00e9tage est accessible par l&rsquo;escalier en colima\u00e7on avec 2 chambres et une salle de bain (avec douche \u00e0 l&rsquo;italienne, lavabo et WC). Toutes les chambres sont \u00e9quip\u00e9es de deux jolis sommiers simples.<\/p>\r\n<p>&nbsp;<\/p>\r\n<p><a class=\"button\" href=\"https:\/\/residencelasalamandre.eu\/gites-2\/\">Voir nos g\u00eetes<\/a><\/p>\r\n<p>[\/vc_column_text][\/vc_column][vc_column css_animation=\u00a0\u00bbfadeInUp\u00a0\u00bb width=\u00a0\u00bb1\/3&Prime;][vc_single_image image=\u00a0\u00bb188&Prime; img_size=\u00a0\u00bbfull\u00a0\u00bb css=\u00a0\u00bb.vc_custom_1657802328212{margin-bottom: 30px !important;}\u00a0\u00bb][vc_column_text]<\/p>\r\n<h2>Chambre d&rsquo;h\u00f4tes<\/h2>\r\n<p>Nous disposons de 4 chambres d&rsquo;h\u00f4tes (chambres pour 1, 2 ou (3) personnes), toutes \u00e9quip\u00e9es de climatisation et chauffage. Les chambres disposent de la climatisation pour le refroidissement et le chauffage. Toutes les fen\u00eatres ont des volets et une armoire. Equipement de la chambre : bouilloire, caf\u00e9 instantan\u00e9 et th\u00e9.<\/p>\r\n<p>&nbsp;<\/p>\r\n<p><a class=\"button\" href=\"https:\/\/residencelasalamandre.eu\/fr\/chambre-dhotes\/\">Voir nos chambres d&rsquo;h\u00f4tes<\/a><\/p>\r\n<p>[\/vc_column_text][\/vc_column][vc_column css_animation=\u00a0\u00bbfadeInUp\u00a0\u00bb width=\u00a0\u00bb1\/3&Prime;][vc_single_image image=\u00a0\u00bb494&Prime; img_size=\u00a0\u00bbfull\u00a0\u00bb css=\u00a0\u00bb.vc_custom_1638281386154{margin-bottom: 30px !important;}\u00a0\u00bb][vc_column_text]<\/p>\r\n<h2>Salle de conf\u00e9rence<\/h2>\r\n<p>De Schaapskooi est un lieu de rencontre sp\u00e9cial et un lieu inspirant pour des r\u00e9unions, des cours de formation\/ateliers, des sessions d&rsquo;inspiration et\/ou de team building. Retirer des personnes de leur environnement de travail permanent est inspirant et constructif, et les gens prennent \u00e9galement des d\u00e9cisions plus rapidement dans un cadre informel.<\/p>\r\n<p>&nbsp;<\/p>\r\n<p><a class=\"button\" href=\"https:\/\/residencelasalamandre.eu\/fr\/salle-de-conference\/\">Voir notre salle de conf\u00e9rence<\/a><\/p>\r\n<p>[\/vc_column_text][\/vc_column][\/vc_row][vc_row full_width=\u00a0\u00bbstretch_row_content_no_spaces\u00a0\u00bb css=\u00a0\u00bb.vc_custom_1636025077251{padding-bottom: 165px !important;background-color: #ffffff !important;}\u00a0\u00bb][vc_column css_animation=\u00a0\u00bbfadeIn\u00a0\u00bb][vc_gmaps link=\u00a0\u00bb#E-8_JTNDaWZyYW1lJTIwc3JjJTNEJTIyaHR0cHMlM0ElMkYlMkZ3d3cuZ29vZ2xlLmNvbSUyRm1hcHMlMkZlbWJlZCUzRnBiJTNEJTIxMW0xOCUyMTFtMTIlMjExbTMlMjExZDM2ODY0NC4xMDExMjc4MDE1JTIxMmQxLjUwNTgzNzc2NTA3NTk3NDQlMjEzZDQzLjc5Mjk0ODE5NDE3MzE1JTIxMm0zJTIxMWYwJTIxMmYwJTIxM2YwJTIxM20yJTIxMWkxMDI0JTIxMmk3NjglMjE0ZjEzLjElMjEzbTMlMjExbTIlMjExczB4MTJhYzJlYzI0MDAyMTQ4OSUyNTNBMHhmYzdhYWRjMDIxMmNlOWUlMjEyc1Jlc2lkZW5jZSUyNTIwbGElMjUyMFNhbGFtYW5kcmUlMjE1ZTAlMjEzbTIlMjExc25sJTIxMnNubCUyMTR2MTYzNzI0NTM3MzczNiUyMTVtMiUyMTFzbmwlMjEyc25sJTIyJTIwd2lkdGglM0QlMjI2MDAlMjIlMjBoZWlnaHQlM0QlMjI0NTAlMjIlMjBzdHlsZSUzRCUyMmJvcmRlciUzQTAlM0IlMjIlMjBhbGxvd2Z1bGxzY3JlZW4lM0QlMjIlMjIlMjBsb2FkaW5nJTNEJTIybGF6eSUyMiUzRSUzQyUyRmlmcmFtZSUzRQ==\u00a0\u00bb size=\u00a0\u00bb600px\u00a0\u00bb][\/vc_column][\/vc_row][vc_row full_width=\u00a0\u00bbstretch_row\u00a0\u00bb css=\u00a0\u00bb.vc_custom_1636032199573{padding-bottom: 100px !important;background-color: #ffffff !important;}\u00a0\u00bb][vc_column width=\u00a0\u00bb5\/12&Prime;][vc_column_text css=\u00a0\u00bb.vc_custom_1636113760762{padding-top: 10px !important;}\u00a0\u00bb]<\/p>\r\n\r\n<h1 class=\"wp-block-heading\">Derni\u00e8res nouvelles<\/h1>\r\n<p>[\/vc_column_text][vc_basic_grid post_type=\u00a0\u00bbpost\u00a0\u00bb max_items=\u00a0\u00bb1&Prime; element_width=\u00a0\u00bb12&Prime; gap=\u00a0\u00bb0&Prime; grid_id=\u00a0\u00bbvc_gid:1657893964423-39edb078-031b-3&Prime;][\/vc_column][vc_column width=\u00a0\u00bb7\/12&Prime;][\/vc_column][\/vc_row][vc_row][vc_column][vc_column_text]<\/p>\r\n<p>[\/vc_column_text][\/vc_column][\/vc_row]<\/p><\/section>","protected":false},"excerpt":{"rendered":"<p>[vc_row css=\u00a0\u00bb.vc_custom_1636030823085{margin-top: 50px !important;margin-bottom: 150px !important;}\u00a0\u00bb][vc_column css_animation=\u00a0\u00bbfadeIn\u00a0\u00bb width=\u00a0\u00bb5\/12&Prime;][vc_column_text] sentir compl\u00e8tement \u00e0 la maison et d\u00e9tendu &nbsp; Situ\u00e9e \u00e0 40 minutes de l&rsquo;a\u00e9roport de Toulouse, \u00e0 7 km du village de Rabastens, la R\u00e9sidence la Salamandre (sud de la France) se compose de : 4 chambres d&rsquo;h\u00f4tes (chambres pour 1,2 ou (3) personnes), 3 g\u00eetes (maisons [&hellip;]<\/p>\n","protected":false},"author":1,"featured_media":0,"parent":0,"menu_order":0,"comment_status":"closed","ping_status":"closed","template":"","meta":{"footnotes":""},"class_list":["post-416","page","type-page","status-publish","hentry"],"_links":{"self":[{"href":"https:\/\/residencelasalamandre.eu\/fr\/wp-json\/wp\/v2\/pages\/416","targetHints":{"allow":["GET"]}}],"collection":[{"href":"https:\/\/residencelasalamandre.eu\/fr\/wp-json\/wp\/v2\/pages"}],"about":[{"href":"https:\/\/residencelasalamandre.eu\/fr\/wp-json\/wp\/v2\/types\/page"}],"author":[{"embeddable":true,"href":"https:\/\/residencelasalamandre.eu\/fr\/wp-json\/wp\/v2\/users\/1"}],"replies":[{"embeddable":true,"href":"https:\/\/residencelasalamandre.eu\/fr\/wp-json\/wp\/v2\/comments?post=416"}],"version-history":[{"count":42,"href":"https:\/\/residencelasalamandre.eu\/fr\/wp-json\/wp\/v2\/pages\/416\/revisions"}],"predecessor-version":[{"id":1763,"href":"https:\/\/residencelasalamandre.eu\/fr\/wp-json\/wp\/v2\/pages\/416\/revisions\/1763"}],"wp:attachment":[{"href":"https:\/\/residencelasalamandre.eu\/fr\/wp-json\/wp\/v2\/media?parent=416"}],"curies":[{"name":"wp","href":"https:\/\/api.w.org\/{rel}","templated":true}]}}